{"id":7024,"date":"2023-09-13T17:54:29","date_gmt":"2023-09-13T15:54:29","guid":{"rendered":"https:\/\/co2-zertifikate-deutschland.de\/impressum\/"},"modified":"2023-09-18T20:58:11","modified_gmt":"2023-09-18T18:58:11","slug":"impressum","status":"publish","type":"page","link":"https:\/\/co2-zertifikate-deutschland.de\/en\/impressum\/","title":{"rendered":"Imprint"},"content":{"rendered":"<div data-elementor-type=\"wp-page\" data-elementor-id=\"7024\" class=\"elementor elementor-7024\" data-elementor-post-type=\"page\">\n\t\t\t\t\t\t<section class=\"elementor-section elementor-top-section elementor-element elementor-element-c20e25d elementor-section-boxed elementor-section-height-default elementor-section-height-default\" data-id=\"c20e25d\" data-element_type=\"section\" data-e-type=\"section\" data-settings=\"{&quot;background_background&quot;:&quot;classic&quot;}\">\n\t\t\t\t\t\t<div class=\"elementor-container elementor-column-gap-default\">\n\t\t\t\t\t<div class=\"elementor-column elementor-col-100 elementor-top-column elementor-element elementor-element-68a78a7\" data-id=\"68a78a7\" data-element_type=\"column\" data-e-type=\"column\">\n\t\t\t<div class=\"elementor-widget-wrap elementor-element-populated\">\n\t\t\t\t\t\t<div class=\"elementor-element elementor-element-0c44c54 elementor-widget elementor-widget-spacer\" data-id=\"0c44c54\" data-element_type=\"widget\" data-e-type=\"widget\" data-widget_type=\"spacer.default\">\n\t\t\t\t<div class=\"elementor-widget-container\">\n\t\t\t\t\t\t\t<div class=\"elementor-spacer\">\n\t\t\t<div class=\"elementor-spacer-inner\"><\/div>\n\t\t<\/div>\n\t\t\t\t\t\t<\/div>\n\t\t\t\t<\/div>\n\t\t\t\t\t<\/div>\n\t\t<\/div>\n\t\t\t\t\t<\/div>\n\t\t<\/section>\n\t\t\t\t<section class=\"elementor-section elementor-top-section elementor-element elementor-element-1ff3260d elementor-section-boxed elementor-section-height-default elementor-section-height-default\" data-id=\"1ff3260d\" data-element_type=\"section\" data-e-type=\"section\" data-settings=\"{&quot;background_background&quot;:&quot;classic&quot;}\">\n\t\t\t\t\t\t<div class=\"elementor-container elementor-column-gap-default\">\n\t\t\t\t\t<div class=\"elementor-column elementor-col-100 elementor-top-column elementor-element elementor-element-2e8ce272\" data-id=\"2e8ce272\" data-element_type=\"column\" data-e-type=\"column\">\n\t\t\t<div class=\"elementor-widget-wrap elementor-element-populated\">\n\t\t\t\t\t\t<div class=\"elementor-element elementor-element-45de68bd elementor-widget elementor-widget-shortcode\" data-id=\"45de68bd\" data-element_type=\"widget\" data-e-type=\"widget\" data-widget_type=\"shortcode.default\">\n\t\t\t\t<div class=\"elementor-widget-container\">\n\t\t\t\t\t\t\t<div class=\"elementor-shortcode\"><div style=\"word-wrap: break-word;\"><h1>Imprint<\/h1>\r\n\r\n<h2>Information pursuant to Sect. 5 German Telemedia Act (TMG)<\/h2>\r\n<p>Silva Viridis GmbH<br \/>\r\nLena-Christ-Stra\u00dfe 2<br \/>\r\n82031 Gr\u00fcnwald<\/p>\r\n\r\n<p>Commercial Register: HRB 269409<br \/>\r\nRegistration court: Amtsgericht M\u00fcnchen<\/p>\r\n\r\n<p><strong>Represented by:<\/strong><br \/>\r\nChristopher Gebhardt<\/p>\r\n\r\n<h2>Contact us<\/h2>\r\n<p>Phone: +49 89 277 835 460<br \/>\r\nE-Mail: info@silvaviridis.de<\/p>\r\n\r\n<h2>VAT ID<\/h2>\r\n<p class=\"translation-block\">Sales tax identification number according to Sect. 27 a of the Sales Tax Law:\nDE350204443<\/p>\r\n\r\n<h2>EU dispute resolution<\/h2>\r\n<p class=\"translation-block\">The European Commission provides a platform for online dispute resolution (ODR): https:\/\/ec.europa.eu\/consumers\/odr\/.\nOur e-mail address can be found above in the site notice.<\/p>\r\n\r\n<h2>Dispute resolution proceedings in front of a consumer arbitration board<\/h2>\r\n<p class=\"translation-block\">We participate in a dispute settlement procedure before a consumer arbitration board. The competent consumer arbitration board is Zentrum f\u00fcr Schlichtung e.V., Stra\u00dfburger Stra\u00dfe 8, 77694 Kehl am Rhein (https:\/\/www.verbraucher-schlichter.de).<\/p><\/div><\/div>\n\t\t\t\t\t\t<\/div>\n\t\t\t\t<\/div>\n\t\t\t\t<div class=\"elementor-element elementor-element-f8635ed elementor-widget elementor-widget-image\" data-id=\"f8635ed\" data-element_type=\"widget\" data-e-type=\"widget\" data-widget_type=\"image.default\">\n\t\t\t\t<div class=\"elementor-widget-container\">\n\t\t\t\t\t\t\t\t\t\t\t\t\t\t\t<img decoding=\"async\" width=\"300\" height=\"104\" src=\"https:\/\/co2-zertifikate-deutschland.de\/wp-content\/uploads\/2023\/09\/erecht24-schwarz-impressum-gross-300x104.png\" class=\"attachment-medium size-medium wp-image-7782\" alt=\"\" srcset=\"https:\/\/co2-zertifikate-deutschland.de\/wp-content\/uploads\/2023\/09\/erecht24-schwarz-impressum-gross-300x104.png 300w, https:\/\/co2-zertifikate-deutschland.de\/wp-content\/uploads\/2023\/09\/erecht24-schwarz-impressum-gross-768x267.png 768w, https:\/\/co2-zertifikate-deutschland.de\/wp-content\/uploads\/2023\/09\/erecht24-schwarz-impressum-gross-600x209.png 600w, https:\/\/co2-zertifikate-deutschland.de\/wp-content\/uploads\/2023\/09\/erecht24-schwarz-impressum-gross.png 1000w\" sizes=\"(max-width: 300px) 100vw, 300px\" \/>\t\t\t\t\t\t\t\t\t\t\t\t\t\t\t<\/div>\n\t\t\t\t<\/div>\n\t\t\t\t\t<\/div>\n\t\t<\/div>\n\t\t\t\t\t<\/div>\n\t\t<\/section>\n\t\t\t\t<section class=\"elementor-section elementor-top-section elementor-element elementor-element-6f2b862 elementor-section-boxed elementor-section-height-default elementor-section-height-default\" data-id=\"6f2b862\" data-element_type=\"section\" data-e-type=\"section\" data-settings=\"{&quot;background_background&quot;:&quot;classic&quot;}\">\n\t\t\t\t\t\t<div class=\"elementor-container elementor-column-gap-default\">\n\t\t\t\t\t<div class=\"elementor-column elementor-col-100 elementor-top-column elementor-element elementor-element-b810918\" data-id=\"b810918\" data-element_type=\"column\" data-e-type=\"column\">\n\t\t\t<div class=\"elementor-widget-wrap elementor-element-populated\">\n\t\t\t\t\t\t<div class=\"elementor-element elementor-element-c98385f elementor-widget elementor-widget-spacer\" data-id=\"c98385f\" data-element_type=\"widget\" data-e-type=\"widget\" data-widget_type=\"spacer.default\">\n\t\t\t\t<div class=\"elementor-widget-container\">\n\t\t\t\t\t\t\t<div class=\"elementor-spacer\">\n\t\t\t<div class=\"elementor-spacer-inner\"><\/div>\n\t\t<\/div>\n\t\t\t\t\t\t<\/div>\n\t\t\t\t<\/div>\n\t\t\t\t\t<\/div>\n\t\t<\/div>\n\t\t\t\t\t<\/div>\n\t\t<\/section>\n\t\t\t\t<\/div>","protected":false},"excerpt":{"rendered":"","protected":false},"author":1,"featured_media":0,"parent":0,"menu_order":0,"comment_status":"closed","ping_status":"closed","template":"","meta":{"content-type":"","footnotes":""},"class_list":["post-7024","page","type-page","status-publish","hentry"],"_links":{"self":[{"href":"https:\/\/co2-zertifikate-deutschland.de\/en\/wp-json\/wp\/v2\/pages\/7024","targetHints":{"allow":["GET"]}}],"collection":[{"href":"https:\/\/co2-zertifikate-deutschland.de\/en\/wp-json\/wp\/v2\/pages"}],"about":[{"href":"https:\/\/co2-zertifikate-deutschland.de\/en\/wp-json\/wp\/v2\/types\/page"}],"author":[{"embeddable":true,"href":"https:\/\/co2-zertifikate-deutschland.de\/en\/wp-json\/wp\/v2\/users\/1"}],"replies":[{"embeddable":true,"href":"https:\/\/co2-zertifikate-deutschland.de\/en\/wp-json\/wp\/v2\/comments?post=7024"}],"version-history":[{"count":0,"href":"https:\/\/co2-zertifikate-deutschland.de\/en\/wp-json\/wp\/v2\/pages\/7024\/revisions"}],"wp:attachment":[{"href":"https:\/\/co2-zertifikate-deutschland.de\/en\/wp-json\/wp\/v2\/media?parent=7024"}],"curies":[{"name":"wp","href":"https:\/\/api.w.org\/{rel}","templated":true}]}}